{"id":102,"date":"2011-12-11T19:55:40","date_gmt":"2011-12-11T19:55:40","guid":{"rendered":"http:\/\/talakademin.wordpress.com\/?page_id=102"},"modified":"2026-02-16T20:10:09","modified_gmt":"2026-02-16T19:10:09","slug":"valkommen","status":"publish","type":"page","link":"https:\/\/talakademin.nu\/","title":{"rendered":"V\u00e4lkommen"},"content":{"rendered":"\n<p><strong>Oavsett om Du har scenskr\u00e4ck, om Du helst undviker att tala inf\u00f6r folkf\u00f6rsamlingar, om Du har itererande tal eller om Du stammar s\u00e5 har TALAkademin metodik f\u00f6r att l\u00e4ra Dig tala mycket b\u00e4ttre och p\u00e5 ett behagligt s\u00e4tt d\u00e4r Du f\u00e5r l\u00e4ra Dig att k\u00e4nna bra talk\u00e4nsla n\u00e4r Du talar. Vi lovar inga revolutionerande f\u00f6r\u00e4ndringar \u00f6ver en natt utan med idogt arbete och tr\u00e4ning tillsammans med andra taltr\u00e4nare kommer Du att k\u00e4nna att Du \u00e4r inne p\u00e5 en v\u00e4g som Du kan tro p\u00e5.<\/strong><\/p>\n\n\n\n<p><strong>Observera att allt vi g\u00f6r i f\u00f6reningen syns inte h\u00e4r p\u00e5 hemsidan. Vi har m\u00e5nga aktiviteter som \u00e4r \u00f6ppna f\u00f6r v\u00e5ra medlemmar. Om du \u00e4r intresserad h\u00f6r av dig via <a href=\"https:\/\/talakademin.nu\/index.php\/kontakta-oss\/\" data-type=\"page\" data-id=\"455\">kontaktformul\u00e4ret<\/a>, eller bli medlem!<\/strong><\/p>\n\n\n\n<p><strong>Talakademin \u00e4r en f\u00f6rening som drivs p\u00e5 ideell basis av dess medlemmar. Vi hj\u00e4lper varandra att n\u00e5 resultat.<\/strong><\/p>\n\n\n\n<h2 class=\"wp-block-heading\">Kommande aktiviteter<\/h2>\n\n\n\n<p>Under \u00e5r 2026 hoppas vi kunna genomf\u00f6ra:<\/p>\n\n\n\n<ul class=\"wp-block-list\">\n<li>Tall\u00f6rdag i \u00d6rebro under februari\/mars<\/li>\n\n\n\n<li>Helgkurs i mellansverige i september<\/li>\n\n\n\n<li>Tall\u00f6rdag i G\u00f6teborg under h\u00f6sten<\/li>\n<\/ul>\n\n\n\n<p>Datum \u00e4r inte best\u00e4mda \u00e4n, men h\u00f6r g\u00e4rna av dig (<a href=\"https:\/\/talakademin.nu\/index.php\/kontakta-oss\/\" data-type=\"page\" data-id=\"455\">Kontakta oss<\/a>) om du \u00e4r intresserad!<\/p>\n\n\n\n<h2 class=\"wp-block-heading\">B\u00f6rja h\u00e4r<\/h2>\n\n\n\n<p>N\u00e5gra tips om hemsidan:<\/p>\n\n\n\n<ul class=\"wp-block-list\">\n<li>Anv\u00e4nd menyn i \u00f6vre delen av sidan, eller &#8221;Kategorier&#8221; till h\u00f6ger f\u00f6r att visa inl\u00e4gg av en viss typ.<\/li>\n\n\n\n<li>Du kan g\u00e5 till de senaste inl\u00e4ggen eller kommentarerna genom l\u00e4nkarna till h\u00f6ger.<\/li>\n\n\n\n<li>Vill du se inl\u00e4gg fr\u00e5n ett visst datum s\u00e5 finns \u00e4ven det till h\u00f6ger.<\/li>\n<\/ul>\n\n\n\n<p>N\u00e5gra tips p\u00e5 sidor att b\u00f6rja l\u00e4sa f\u00f6r dig som \u00e4r ny:<\/p>\n\n\n\n<ul class=\"wp-block-list\">\n<li><a href=\"https:\/\/talakademin.nu\/index.php\/2011\/12\/11\/avslappningsovning\/\" data-type=\"post\" data-id=\"91\">Avslappnings\u00f6vning<\/a><\/li>\n\n\n\n<li><a href=\"https:\/\/talakademin.nu\/index.php\/2026\/01\/31\/talovningar\/\" data-type=\"post\" data-id=\"4661\">Tal\u00f6vningar<\/a><\/li>\n\n\n\n<li><a href=\"https:\/\/talakademin.nu\/index.php\/boken\/\" data-type=\"page\" data-id=\"150\">Boken<\/a><\/li>\n<\/ul>\n\n\n\n<h2 class=\"wp-block-heading\">V\u00e5ra kurser<\/h2>\n\n\n\n<p>Vi f\u00f6rs\u00f6ker anordna kurser regelbundet. Hur ofta det blir beror p\u00e5 deltagare, kursledare och m\u00f6jligheterna att hitta en plats som passar arrangemanget. Ofta samarbetar vi med andra f\u00f6reningar och d\u00e5 hj\u00e4lp vi \u00e5t med det praktiska.<\/p>\n\n\n<div class=\"wp-block-image is-style-default\">\n<figure class=\"aligncenter size-medium is-resized\"><img loading=\"lazy\" decoding=\"async\" width=\"300\" height=\"300\" src=\"https:\/\/talakademin.nu\/wp-content\/uploads\/2026\/02\/meeting-300x300.jpg\" alt=\"\" class=\"wp-image-4675\" style=\"object-fit:contain;width:400px;height:400px\" srcset=\"https:\/\/talakademin.nu\/wp-content\/uploads\/2026\/02\/meeting-300x300.jpg 300w, https:\/\/talakademin.nu\/wp-content\/uploads\/2026\/02\/meeting-150x150.jpg 150w, https:\/\/talakademin.nu\/wp-content\/uploads\/2026\/02\/meeting-768x768.jpg 768w, https:\/\/talakademin.nu\/wp-content\/uploads\/2026\/02\/meeting.jpg 1024w\" sizes=\"auto, (max-width: 300px) 100vw, 300px\" \/><figcaption class=\"wp-element-caption\">Vi tr\u00e4nar inf\u00f6r varandra<\/figcaption><\/figure>\n<\/div>\n\n<div class=\"wp-block-image is-style-default\">\n<figure class=\"aligncenter size-full\"><img loading=\"lazy\" decoding=\"async\" width=\"200\" height=\"300\" src=\"https:\/\/talakademin.nu\/wp-content\/uploads\/2026\/01\/viking_small.jpg\" alt=\"\" class=\"wp-image-4659\"\/><\/figure>\n<\/div>\n\n\n<p class=\"has-text-align-center\">Just den h\u00e4r bilden har historisk betydelse f\u00f6r Talakademin. Det \u00e4r viktigt att kunna utmana sig sj\u00e4lv och ta ett steg utanf\u00f6r komfortzonen. Bilden kommer fr\u00e5n en av de f\u00f6rsta broschyrerna fr\u00e5n Talakademin fr\u00e5n \u00e5r 1994. <\/p>\n\n\n\n<p class=\"has-text-align-center\"><strong><em>&#8221;Tveka inte att anta de utmaningar du st\u00e4lls inf\u00f6r&#8221;<\/em><\/strong><\/p>\n","protected":false},"excerpt":{"rendered":"<p>Oavsett om Du har scenskr\u00e4ck, om Du helst undviker att tala inf\u00f6r folkf\u00f6rsamlingar, om Du har itererande tal eller om Du stammar s\u00e5 har TALAkademin metodik f\u00f6r att l\u00e4ra Dig tala mycket b\u00e4ttre och p\u00e5 ett behagligt s\u00e4tt d\u00e4r Du f\u00e5r l\u00e4ra Dig att k\u00e4nna bra talk\u00e4nsla n\u00e4r Du talar. Vi lovar inga revolutionerande f\u00f6r\u00e4ndringar [&hellip;]<\/p>\n","protected":false},"author":1,"featured_media":0,"parent":0,"menu_order":0,"comment_status":"closed","ping_status":"closed","template":"","meta":{"footnotes":""},"class_list":["post-102","page","type-page","status-publish","hentry"],"_links":{"self":[{"href":"https:\/\/talakademin.nu\/index.php\/wp-json\/wp\/v2\/pages\/102","targetHints":{"allow":["GET"]}}],"collection":[{"href":"https:\/\/talakademin.nu\/index.php\/wp-json\/wp\/v2\/pages"}],"about":[{"href":"https:\/\/talakademin.nu\/index.php\/wp-json\/wp\/v2\/types\/page"}],"author":[{"embeddable":true,"href":"https:\/\/talakademin.nu\/index.php\/wp-json\/wp\/v2\/users\/1"}],"replies":[{"embeddable":true,"href":"https:\/\/talakademin.nu\/index.php\/wp-json\/wp\/v2\/comments?post=102"}],"version-history":[{"count":12,"href":"https:\/\/talakademin.nu\/index.php\/wp-json\/wp\/v2\/pages\/102\/revisions"}],"predecessor-version":[{"id":4703,"href":"https:\/\/talakademin.nu\/index.php\/wp-json\/wp\/v2\/pages\/102\/revisions\/4703"}],"wp:attachment":[{"href":"https:\/\/talakademin.nu\/index.php\/wp-json\/wp\/v2\/media?parent=102"}],"curies":[{"name":"wp","href":"https:\/\/api.w.org\/{rel}","templated":true}]}}