{"id":16,"date":"2011-11-30T19:43:09","date_gmt":"2011-11-30T19:43:09","guid":{"rendered":"http:\/\/talakademin.wordpress.com\/?page_id=9"},"modified":"2026-02-16T20:10:09","modified_gmt":"2026-02-16T19:10:09","slug":"tala-kurser","status":"publish","type":"page","link":"https:\/\/talakademin.nu\/index.php\/tala-kurser\/","title":{"rendered":"TALA-kurser"},"content":{"rendered":"\n<p>Det effektivaste s\u00e4ttet att l\u00e4ra sig att tala b\u00e4ttre med hj\u00e4lp av TALAkademins metodik \u00e4r att g\u00f6ra som m\u00e5nga andra, medverka p\u00e5 en veckoslutskurs d\u00e4r vi arbetar med mycket praktiska \u00f6vningar och Du f\u00e5r gott om tid p\u00e5 Dig att tr\u00e4na muntlig framst\u00e4llning. Kolla in kalendariet och anm\u00e4l Dig till en kurs. M\u00e5nga kurser genomf\u00f6rs till i princip sj\u00e4lvkostnadspris. TALAkademin \u00e4r ju en ideell f\u00f6rening utan vinstintresse utan drivs av ett intresse att l\u00e4ra ut muntlig framst\u00e4llning till medlemmar och andra.<\/p>\n\n\n\n<p><a href=\"https:\/\/talakademin.nu\/index.php\/category\/kalendarium\/kommande-kurser\/\">L\u00e4s mer om v\u00e5ra kommande kurser h\u00e4r!<\/a><\/p>\n\n\n\n<p><\/p>\n\n\n\n<figure class=\"wp-block-image alignnone\"><a href=\"http:\/\/talakademin.nu\/wp-content\/uploads\/2011\/11\/tala_smaland.jpg\"><img decoding=\"async\" src=\"http:\/\/talakademin.nu\/wp-content\/uploads\/2011\/11\/tala_smaland.jpg\" alt=\"\" class=\"wp-image-4\"\/><\/a><figcaption class=\"wp-element-caption\">Tant Augustas stuga: En popul\u00e4r plats f\u00f6r TALA-kurser.<\/figcaption><\/figure>\n","protected":false},"excerpt":{"rendered":"<p>Det effektivaste s\u00e4ttet att l\u00e4ra sig att tala b\u00e4ttre med hj\u00e4lp av TALAkademins metodik \u00e4r att g\u00f6ra som m\u00e5nga andra, medverka p\u00e5 en veckoslutskurs d\u00e4r vi arbetar med mycket praktiska \u00f6vningar och Du f\u00e5r gott om tid p\u00e5 Dig att tr\u00e4na muntlig framst\u00e4llning. Kolla in kalendariet och anm\u00e4l Dig till en kurs. M\u00e5nga kurser genomf\u00f6rs [&hellip;]<\/p>\n","protected":false},"author":1,"featured_media":0,"parent":0,"menu_order":0,"comment_status":"closed","ping_status":"closed","template":"","meta":{"footnotes":""},"class_list":["post-16","page","type-page","status-publish","hentry"],"_links":{"self":[{"href":"https:\/\/talakademin.nu\/index.php\/wp-json\/wp\/v2\/pages\/16","targetHints":{"allow":["GET"]}}],"collection":[{"href":"https:\/\/talakademin.nu\/index.php\/wp-json\/wp\/v2\/pages"}],"about":[{"href":"https:\/\/talakademin.nu\/index.php\/wp-json\/wp\/v2\/types\/page"}],"author":[{"embeddable":true,"href":"https:\/\/talakademin.nu\/index.php\/wp-json\/wp\/v2\/users\/1"}],"replies":[{"embeddable":true,"href":"https:\/\/talakademin.nu\/index.php\/wp-json\/wp\/v2\/comments?post=16"}],"version-history":[{"count":1,"href":"https:\/\/talakademin.nu\/index.php\/wp-json\/wp\/v2\/pages\/16\/revisions"}],"predecessor-version":[{"id":4667,"href":"https:\/\/talakademin.nu\/index.php\/wp-json\/wp\/v2\/pages\/16\/revisions\/4667"}],"wp:attachment":[{"href":"https:\/\/talakademin.nu\/index.php\/wp-json\/wp\/v2\/media?parent=16"}],"curies":[{"name":"wp","href":"https:\/\/api.w.org\/{rel}","templated":true}]}}