{"id":17,"date":"2011-11-30T19:44:21","date_gmt":"2011-11-30T19:44:21","guid":{"rendered":"http:\/\/talakademin.wordpress.com\/?page_id=13"},"modified":"2026-02-16T20:10:09","modified_gmt":"2026-02-16T19:10:09","slug":"bli-medlem","status":"publish","type":"page","link":"https:\/\/talakademin.nu\/index.php\/bli-medlem\/","title":{"rendered":"Bli medlem"},"content":{"rendered":"\n<p><strong>V\u00e4lkommen &#8211; att l\u00e4ra Dig tala b\u00e4ttre<\/strong><\/p>\n\n\n\n<p>TALAkademin \u00e4r en ideell f\u00f6rening &#8211; ursprungligen med s\u00e4te i Link\u00f6ping &#8211; \u00f6ppen f\u00f6r alla som vill tr\u00e4na sin muntliga framst\u00e4llning. Det effektivaste s\u00e4ttet att f\u00f6rb\u00e4ttra Din muntliga framst\u00e4llning \u00e4r att bli medlem i Talakademin och medverka p\u00e5 v\u00e5ra veckoslutskurser eller g\u00e5 med i Talakademin Web Circles och tr\u00e4na muntlig framst\u00e4llning med web-kamera p\u00e5 n\u00e4tet.<\/p>\n\n\n\n<p class=\"has-medium-font-size\" style=\"border-width:1px;border-top-left-radius:9px;border-top-right-radius:9px;border-bottom-left-radius:9px;border-bottom-right-radius:9px;padding-top:var(--wp--preset--spacing--20);padding-right:var(--wp--preset--spacing--40);padding-bottom:var(--wp--preset--spacing--20);padding-left:var(--wp--preset--spacing--40)\">Plusgironumret \u00e4r <strong>62 19 734 &#8211; 8.<\/strong>  Skriv ditt namn och adress i meddelandef\u00e4ltet p\u00e5 inbetalningen. Medlemsavgiften \u00e4r <strong>250 kr<\/strong> per \u00e5r.<\/p>\n\n\n\n<p>Om du inte tidigare har varit i kontakt med oss n\u00e4r du betalar in som ny medlem f\u00e5r du g\u00e4rna skriva ett meddelande till oss samtidigt, d\u00e5 kan vi snabbare h\u00e4lsa dig v\u00e4lkommen och ber\u00e4tta om f\u00f6reningen. Du kontaktar oss enklast h\u00e4r: <a href=\"https:\/\/talakademin.nu\/kontakta-oss\/\">Kontakta oss<\/a><\/p>\n\n\n\n<p><strong>V\u00e4lkommen till Talakademin!<\/strong><\/p>\n","protected":false},"excerpt":{"rendered":"<p>V\u00e4lkommen &#8211; att l\u00e4ra Dig tala b\u00e4ttre TALAkademin \u00e4r en ideell f\u00f6rening &#8211; ursprungligen med s\u00e4te i Link\u00f6ping &#8211; \u00f6ppen f\u00f6r alla som vill tr\u00e4na sin muntliga framst\u00e4llning. Det effektivaste s\u00e4ttet att f\u00f6rb\u00e4ttra Din muntliga framst\u00e4llning \u00e4r att bli medlem i Talakademin och medverka p\u00e5 v\u00e5ra veckoslutskurser eller g\u00e5 med i Talakademin Web Circles och [&hellip;]<\/p>\n","protected":false},"author":1,"featured_media":0,"parent":0,"menu_order":0,"comment_status":"closed","ping_status":"closed","template":"","meta":{"footnotes":""},"class_list":["post-17","page","type-page","status-publish","hentry"],"_links":{"self":[{"href":"https:\/\/talakademin.nu\/index.php\/wp-json\/wp\/v2\/pages\/17","targetHints":{"allow":["GET"]}}],"collection":[{"href":"https:\/\/talakademin.nu\/index.php\/wp-json\/wp\/v2\/pages"}],"about":[{"href":"https:\/\/talakademin.nu\/index.php\/wp-json\/wp\/v2\/types\/page"}],"author":[{"embeddable":true,"href":"https:\/\/talakademin.nu\/index.php\/wp-json\/wp\/v2\/users\/1"}],"replies":[{"embeddable":true,"href":"https:\/\/talakademin.nu\/index.php\/wp-json\/wp\/v2\/comments?post=17"}],"version-history":[{"count":3,"href":"https:\/\/talakademin.nu\/index.php\/wp-json\/wp\/v2\/pages\/17\/revisions"}],"predecessor-version":[{"id":4687,"href":"https:\/\/talakademin.nu\/index.php\/wp-json\/wp\/v2\/pages\/17\/revisions\/4687"}],"wp:attachment":[{"href":"https:\/\/talakademin.nu\/index.php\/wp-json\/wp\/v2\/media?parent=17"}],"curies":[{"name":"wp","href":"https:\/\/api.w.org\/{rel}","templated":true}]}}