{"id":628,"date":"2015-03-22T13:53:40","date_gmt":"2015-03-22T12:53:40","guid":{"rendered":"http:\/\/talakademin.nu\/?page_id=628"},"modified":"2026-02-16T20:10:09","modified_gmt":"2026-02-16T19:10:09","slug":"natkurs","status":"publish","type":"page","link":"https:\/\/talakademin.nu\/index.php\/natkurs\/","title":{"rendered":"N\u00e4tkurs"},"content":{"rendered":"\n<h3 class=\"wp-block-heading\">V\u00e4lkommen till Talakademins kurs:<\/h3>\n\n\n\n<h1 class=\"wp-block-heading\">En rolig kurs i muntlig framst\u00e4llning<\/h1>\n\n\n\n<p>V\u00e4lkommen till en rolig kurs i muntlig framst\u00e4llning. Det h\u00e4r \u00e4r en kurs som alla skulle g\u00e5. Visste Du att egentligen skall man tala i samma takt som man andas f\u00f6r att f\u00e5 en riktigt sk\u00f6n muntlig framst\u00e4llning. Det kommer vi att visa under kursen. Du kommer att f\u00e5 utveckla din r\u00f6st och tala med din m\u00f6rka r\u00f6st, din starka r\u00f6st, dina ljusa r\u00f6st, din l\u00e5ngsamma r\u00f6st och p\u00e5 m\u00e5nga andra s\u00e4tt. Kursen kommer att inneh\u00e5lla en m\u00e4ngd olika roliga \u00f6vningar d\u00e4r vi f\u00e5r h\u00e5lla m\u00e4ngder med f\u00f6redrag f\u00f6r varandra, vi kommer att g\u00f6ra rollspel, vi kommer att g\u00f6ra bort oss f\u00f6r varandra, vi kommer att ha roligt och se hur kul det \u00e4r att tr\u00e4na muntlig framst\u00e4llning.<\/p>\n\n\n\n<p>Man b\u00f6rjar veckan med en inspirerad f\u00f6rel\u00e4sning utifr\u00e5n veckans tema. D\u00e4refter forts\u00e4tter man med instruktioner av olika slag. Dessa kan vara filmklipp, andra typer av instruktioner. Till sist ska man jobba mycket med \u00f6vningar. F\u00f6r det f\u00f6rsta \u00e4r det de \u00f6vningar som vi genomf\u00f6r under v\u00e5rt skypem\u00f6te. D\u00e4refter g\u00e5r man igenom de \u00f6vningar som man ska g\u00f6ra fram till man ses n\u00e4sta vecka. Vi ska ocks\u00e5 ha n\u00e5gon sorts examens uppgift varje vecka som man kan visa upp. Det kan handla om en video-inspelning, ber\u00e4tta om hur det g\u00e5tt under veckan eller liknande.<\/p>\n\n\n\n<p>Detta \u00e4r en kurs som handlar om muntlig framst\u00e4llning. Alla m\u00e4nniskor har egentligen en mycket bra muntlig framst\u00e4llning om man \u00e4r i enrum, sjunger i k\u00f6r, talar med sm\u00e5 barn mm. Ibland hindras vi oss sj\u00e4lva att sl\u00e4ppa fram v\u00e5r sk\u00f6na muntliga framst\u00e4llning. Vi m\u00e4nniskor har ju ofta ett inre samtal som kommer och g\u00e5r. Ibland kan dessa tankar bli som hinder. Idag har det gjort stora framsteg inom kognitions vetenskap, NLP omr\u00e5det mm fr\u00e5n John Harrison, Bob Bodenhammer, Anna Margolina mfl som frigjort m\u00e5nga m\u00e4nniskors muntliga framst\u00e4llning. Anna Margolina har skrivit en inspirerande bok med 7 nycklar med tankestrategier f\u00f6r att frig\u00f6ra din muntliga framst\u00e4llning.<br><br>Vi har utformat kursen i fyra steg. Vi b\u00f6rjar med att g\u00e5 igenom hur en sk\u00f6n muntlig framst\u00e4llning ser ut. Det \u00e4r n\u00e4mligen s\u00e5 att i ett riktigt sk\u00f6nt tal s\u00e5 talar man i samma takt som man andas. D\u00e4refter g\u00e5r vi igenom vilka komponenter som en talupplevelse best\u00e5r av och kollar efter om det finns n\u00e5got som hindrar din sk\u00f6na muntliga framst\u00e4llning. Vi tr\u00e4nar mycket praktiskt och anv\u00e4nder oss av NLP f\u00f6r att l\u00e4ra oss att t\u00e4nka p\u00e5 ett s\u00e4tt som gagnar v\u00e5r muntliga framst\u00e4llning. Till sist l\u00e4ra vi oss att fullst\u00e4ndigt lita p\u00e5 v\u00e5r egna utm\u00e4rkta muntliga framst\u00e4llning.<\/p>\n\n\n\n<p><\/p>\n\n\n\n<h4 class=\"wp-block-heading\">L\u00e4stips<\/h4>\n\n\n\n<p>Vill du f\u00f6rdjupa dig mer efter eller under kursens g\u00e5ng rekomenderar vi f\u00f6ljande l\u00e4sning:<\/p>\n\n\n\n<ol class=\"wp-block-list\">\n<li><a title=\"Boken\" href=\"http:\/\/talakademin.nu\/talakademins-bok\/\">Talakademins bok\u00a0<\/a><\/li>\n\n\n\n<li><a href=\"http:\/\/amzn.com\/B00TIY7P4S\">Anna Margolinas bok, Letting go of the dragon.<\/a><\/li>\n\n\n\n<li><a href=\"http:\/\/www.mnsu.edu\/comdis\/kuster\/Infostuttering\/Harrison\/redefining-stuttering.pdf\">John Harrisons bok, Redefining Stuttering<\/a><\/li>\n\n\n\n<li><a href=\"http:\/\/www.mnsu.edu\/comdis\/kuster\/casestudy\/path\/mead.pdf\">Ruth Meads bok, Speach is a river<\/a><\/li>\n<\/ol>\n","protected":false},"excerpt":{"rendered":"<p>V\u00e4lkommen till Talakademins kurs: En rolig kurs i muntlig framst\u00e4llning V\u00e4lkommen till en rolig kurs i muntlig framst\u00e4llning. Det h\u00e4r \u00e4r en kurs som alla skulle g\u00e5. Visste Du att egentligen skall man tala i samma takt som man andas f\u00f6r att f\u00e5 en riktigt sk\u00f6n muntlig framst\u00e4llning. Det kommer vi att visa under kursen. [&hellip;]<\/p>\n","protected":false},"author":1,"featured_media":0,"parent":0,"menu_order":0,"comment_status":"closed","ping_status":"closed","template":"","meta":{"footnotes":""},"class_list":["post-628","page","type-page","status-publish","hentry"],"_links":{"self":[{"href":"https:\/\/talakademin.nu\/index.php\/wp-json\/wp\/v2\/pages\/628","targetHints":{"allow":["GET"]}}],"collection":[{"href":"https:\/\/talakademin.nu\/index.php\/wp-json\/wp\/v2\/pages"}],"about":[{"href":"https:\/\/talakademin.nu\/index.php\/wp-json\/wp\/v2\/types\/page"}],"author":[{"embeddable":true,"href":"https:\/\/talakademin.nu\/index.php\/wp-json\/wp\/v2\/users\/1"}],"replies":[{"embeddable":true,"href":"https:\/\/talakademin.nu\/index.php\/wp-json\/wp\/v2\/comments?post=628"}],"version-history":[{"count":4,"href":"https:\/\/talakademin.nu\/index.php\/wp-json\/wp\/v2\/pages\/628\/revisions"}],"predecessor-version":[{"id":4702,"href":"https:\/\/talakademin.nu\/index.php\/wp-json\/wp\/v2\/pages\/628\/revisions\/4702"}],"wp:attachment":[{"href":"https:\/\/talakademin.nu\/index.php\/wp-json\/wp\/v2\/media?parent=628"}],"curies":[{"name":"wp","href":"https:\/\/api.w.org\/{rel}","templated":true}]}}